{"id":10,"date":"2024-05-28T21:15:46","date_gmt":"2024-05-28T21:15:46","guid":{"rendered":"http:\/\/www.temizcevre.org\/?page_id=10"},"modified":"2024-05-28T21:16:56","modified_gmt":"2024-05-28T21:16:56","slug":"kurucu-uyeler","status":"publish","type":"page","link":"https:\/\/temizcevre.org\/?page_id=10","title":{"rendered":"Kurucu \u00dcyeler"},"content":{"rendered":"\n<p><strong>Temiz \u00c7evre Derne\u011fi Kurucu \u00dcyeleri<\/strong><\/p>\n\n\n\n<p>1- Remziye Kartal Rosenblat<\/p>\n\n\n\n<p>2- Pierre Jean Rosenblat<\/p>\n\n\n\n<p>3- Asl\u0131 Altan<\/p>\n\n\n\n<p>4- Murat Altan<\/p>\n\n\n\n<p>5- Mutlu Kartal<\/p>\n\n\n\n<p>6- Tuba Kartal<\/p>\n\n\n\n<p>7- Yusuf Demir<\/p>\n\n\n\n<p>8- Katibe \u00c7iftlik<\/p>\n\n\n\n<p>9- Osman Yak\u0131c\u0131<\/p>\n\n\n\n<p>10- Turgay T\u00fcrkfiliz<\/p>\n\n\n\n<p>11- Halime T\u00fcrkfiliz<\/p>\n\n\n\n<p>12- Fatih Vural K\u00fct\u00fck<\/p>\n\n\n\n<p>13- Murat \u00dcz\u00fcm<\/p>\n\n\n\n<p>14- Osman Burak Akalan<\/p>\n\n\n\n<p>15- Faik Melih \u00d6zcan<\/p>\n\n\n\n<p>16- Recep \u00c7ift\u00e7i<\/p>\n\n\n\n<p>17- Birsen \u00d6zayd\u0131n<\/p>\n\n\n\n<p>18-Nezihi Temel Albayrak<\/p>\n\n\n\n<p>19- Rabia Ay\u015fen Sevin\u00e7<\/p>\n","protected":false},"excerpt":{"rendered":"<p>Temiz \u00c7evre Derne\u011fi Kurucu \u00dcyeleri 1- Remziye Kartal Rosenblat 2- Pierre Jean Rosenblat 3- Asl\u0131 Altan 4- Murat Altan 5- Mutlu Kartal 6- Tuba Kartal 7- Yusuf Demir 8- Katibe \u00c7iftlik 9- Osman Yak\u0131c\u0131 10- Turgay T\u00fcrkfiliz 11- Halime T\u00fcrkfiliz 12- Fatih Vural K\u00fct\u00fck 13- Murat \u00dcz\u00fcm 14- Osman Burak Akalan 15- Faik Melih \u00d6zcan&#8230;<\/p>\n","protected":false},"author":1,"featured_media":0,"parent":0,"menu_order":0,"comment_status":"closed","ping_status":"closed","template":"","meta":{"magazine_newspaper_sidebar_layout":"","footnotes":""},"class_list":["post-10","page","type-page","status-publish","hentry"],"_links":{"self":[{"href":"https:\/\/temizcevre.org\/index.php?rest_route=\/wp\/v2\/pages\/10","targetHints":{"allow":["GET"]}}],"collection":[{"href":"https:\/\/temizcevre.org\/index.php?rest_route=\/wp\/v2\/pages"}],"about":[{"href":"https:\/\/temizcevre.org\/index.php?rest_route=\/wp\/v2\/types\/page"}],"author":[{"embeddable":true,"href":"https:\/\/temizcevre.org\/index.php?rest_route=\/wp\/v2\/users\/1"}],"replies":[{"embeddable":true,"href":"https:\/\/temizcevre.org\/index.php?rest_route=%2Fwp%2Fv2%2Fcomments&post=10"}],"version-history":[{"count":2,"href":"https:\/\/temizcevre.org\/index.php?rest_route=\/wp\/v2\/pages\/10\/revisions"}],"predecessor-version":[{"id":14,"href":"https:\/\/temizcevre.org\/index.php?rest_route=\/wp\/v2\/pages\/10\/revisions\/14"}],"wp:attachment":[{"href":"https:\/\/temizcevre.org\/index.php?rest_route=%2Fwp%2Fv2%2Fmedia&parent=10"}],"curies":[{"name":"wp","href":"https:\/\/api.w.org\/{rel}","templated":true}]}}