{"id":16,"date":"2024-05-28T21:18:57","date_gmt":"2024-05-28T21:18:57","guid":{"rendered":"http:\/\/www.temizcevre.org\/?page_id=16"},"modified":"2024-05-28T21:18:57","modified_gmt":"2024-05-28T21:18:57","slug":"dernegimizin-amaci","status":"publish","type":"page","link":"https:\/\/temizcevre.org\/?page_id=16","title":{"rendered":"Derne\u011fimizin Amac\u0131"},"content":{"rendered":"\n<p><\/p>\n\n\n\n<p>\u0130nsanlar ve t\u00fcm canl\u0131lar\u0131n ya\u015fanabilir temiz bir \u00e7evrede birlikte ve uyum i\u00e7inde varl\u0131klar\u0131n\u0131 devam ettirmeleri i\u00e7in yap\u0131lmas\u0131 gerekenler hususunda kurumlar ve ki\u015filerin birbirleri ile koordinasyonunu temin etmek, toplumsal bilinci art\u0131rmak ve gelecek nesillere temiz bir \u00e7evre teslim etmektir.<\/p>\n\n\n\n<p><strong>S\u00fcrd\u00fcr\u00fclecek \u00e7al\u0131\u015fma konular\u0131m\u0131z<\/strong><\/p>\n\n\n\n<p>1- Kat\u0131, s\u0131v\u0131, gaz her t\u00fcrl\u00fc kirletici madde ve \u00e7\u00f6plerin bertaraf edilmesinde do\u011faya yararl\u0131 hale getirilmesi ve d\u00f6n\u00fc\u015ft\u00fcr\u00fclmesi, \u00e7evre kirlili\u011finin \u00f6nlenmesi hususunda gereken \u00e7al\u0131\u015fmalar\u0131 yapmak,<\/p>\n\n\n\n<p>2- Temizlik yap\u0131l\u0131rken ve hijyen temin edilirken kimyasal maddelerin kullan\u0131m\u0131nda bilimsel y\u00f6ntemler geli\u015ftirip bilin\u00e7lendirme \u00e7al\u0131\u015fmalar\u0131 yapmak,<\/p>\n\n\n\n<p>2- G\u00fcr\u00fclt\u00fc kirlili\u011fini \u00f6nleyici \u00e7al\u0131\u015fmalar yapmak,<\/p>\n\n\n\n<p>3- Her t\u00fcrl\u00fc enerjinin ekonomik kullan\u0131m\u0131 hususunda \u00e7al\u0131\u015fmalar yapmak, yenilenebilir ve geri d\u00f6n\u00fc\u015f\u00fcml\u00fc enerji kaynaklar\u0131n\u0131n kullan\u0131lmas\u0131, yayg\u0131nla\u015ft\u0131r\u0131lmas\u0131 i\u00e7in gerekli \u00e7al\u0131\u015fmalar\u0131 yapmak,<\/p>\n\n\n\n<p>4- Tar\u0131msal alanda do\u011faya uygun ve do\u011fay\u0131 t\u00fcketmeyen \u00fcretim y\u00f6ntemlerinin kullan\u0131lmas\u0131 hususunda gerekli \u00e7al\u0131\u015fmalar\u0131 yapmak, kimyasal ve kirletici, toksit yard\u0131mc\u0131lar\u0131n kullan\u0131m\u0131nda bilimsel y\u00f6ntemler geli\u015ftirmek,<\/p>\n\n\n\n<p>5- Her t\u00fcrl\u00fc kirlili\u011fi \u00f6nleyici faaliyette bulunmak,<\/p>\n\n\n\n<p>6- \u00c7evreyi g\u00f6r\u00fcnt\u00fc olarak kirleten unsurlar\u0131 \u00f6nleyici \u00e7al\u0131\u015fmalar yapmak,<\/p>\n\n\n\n<p>7- Trafik kurallar\u0131na uyulmas\u0131 hususunda gerekli \u00e7al\u0131\u015fmalar\u0131 yapmak,<\/p>\n\n\n\n<p>8- T\u00fcm ya\u015fam alanlar\u0131nda insan sa\u011fl\u0131\u011f\u0131na uygun temizlik ve hijyen ko\u015fullar\u0131na uygunluk i\u00e7in toplumu bilin\u00e7lendirmek ve gereken \u00e7al\u0131\u015fmalar\u0131 yapmak.<\/p>\n","protected":false},"excerpt":{"rendered":"<p>\u0130nsanlar ve t\u00fcm canl\u0131lar\u0131n ya\u015fanabilir temiz bir \u00e7evrede birlikte ve uyum i\u00e7inde varl\u0131klar\u0131n\u0131 devam ettirmeleri i\u00e7in yap\u0131lmas\u0131 gerekenler hususunda kurumlar ve ki\u015filerin birbirleri ile koordinasyonunu temin etmek, toplumsal bilinci art\u0131rmak ve gelecek nesillere temiz bir \u00e7evre teslim etmektir. S\u00fcrd\u00fcr\u00fclecek \u00e7al\u0131\u015fma konular\u0131m\u0131z 1- Kat\u0131, s\u0131v\u0131, gaz her t\u00fcrl\u00fc kirletici madde ve \u00e7\u00f6plerin bertaraf edilmesinde do\u011faya yararl\u0131&#8230;<\/p>\n","protected":false},"author":1,"featured_media":0,"parent":0,"menu_order":0,"comment_status":"closed","ping_status":"closed","template":"","meta":{"magazine_newspaper_sidebar_layout":"","footnotes":""},"class_list":["post-16","page","type-page","status-publish","hentry"],"_links":{"self":[{"href":"https:\/\/temizcevre.org\/index.php?rest_route=\/wp\/v2\/pages\/16","targetHints":{"allow":["GET"]}}],"collection":[{"href":"https:\/\/temizcevre.org\/index.php?rest_route=\/wp\/v2\/pages"}],"about":[{"href":"https:\/\/temizcevre.org\/index.php?rest_route=\/wp\/v2\/types\/page"}],"author":[{"embeddable":true,"href":"https:\/\/temizcevre.org\/index.php?rest_route=\/wp\/v2\/users\/1"}],"replies":[{"embeddable":true,"href":"https:\/\/temizcevre.org\/index.php?rest_route=%2Fwp%2Fv2%2Fcomments&post=16"}],"version-history":[{"count":1,"href":"https:\/\/temizcevre.org\/index.php?rest_route=\/wp\/v2\/pages\/16\/revisions"}],"predecessor-version":[{"id":17,"href":"https:\/\/temizcevre.org\/index.php?rest_route=\/wp\/v2\/pages\/16\/revisions\/17"}],"wp:attachment":[{"href":"https:\/\/temizcevre.org\/index.php?rest_route=%2Fwp%2Fv2%2Fmedia&parent=16"}],"curies":[{"name":"wp","href":"https:\/\/api.w.org\/{rel}","templated":true}]}}