{"id":18,"date":"2024-05-28T21:19:51","date_gmt":"2024-05-28T21:19:51","guid":{"rendered":"http:\/\/www.temizcevre.org\/?page_id=18"},"modified":"2024-05-28T21:19:51","modified_gmt":"2024-05-28T21:19:51","slug":"tarihce","status":"publish","type":"page","link":"https:\/\/temizcevre.org\/?page_id=18","title":{"rendered":"Tarih\u00e7e"},"content":{"rendered":"\n<p><\/p>\n\n\n\n<p>\u0130nsanlar ve t\u00fcm canl\u0131lar\u0131n ya\u015fanabilir temiz bir \u00e7evrede birlikte ve uyum i\u00e7inde varl\u0131klar\u0131n\u0131 devam ettirmeleri i\u00e7in yap\u0131lmas\u0131 gerekenler hususunda kurumlar ve ki\u015filerin birbirleri ile koordinasyonunu temin etmek, toplumsal bilinci art\u0131rmak ve gelecek nesillere temiz bir \u00e7evre teslim etmektir.<\/p>\n","protected":false},"excerpt":{"rendered":"<p>\u0130nsanlar ve t\u00fcm canl\u0131lar\u0131n ya\u015fanabilir temiz bir \u00e7evrede birlikte ve uyum i\u00e7inde varl\u0131klar\u0131n\u0131 devam ettirmeleri i\u00e7in yap\u0131lmas\u0131 gerekenler hususunda kurumlar ve ki\u015filerin birbirleri ile koordinasyonunu temin etmek, toplumsal bilinci art\u0131rmak ve gelecek nesillere temiz bir \u00e7evre teslim etmektir.<\/p>\n","protected":false},"author":1,"featured_media":0,"parent":0,"menu_order":0,"comment_status":"closed","ping_status":"closed","template":"","meta":{"magazine_newspaper_sidebar_layout":"","footnotes":""},"class_list":["post-18","page","type-page","status-publish","hentry"],"_links":{"self":[{"href":"https:\/\/temizcevre.org\/index.php?rest_route=\/wp\/v2\/pages\/18","targetHints":{"allow":["GET"]}}],"collection":[{"href":"https:\/\/temizcevre.org\/index.php?rest_route=\/wp\/v2\/pages"}],"about":[{"href":"https:\/\/temizcevre.org\/index.php?rest_route=\/wp\/v2\/types\/page"}],"author":[{"embeddable":true,"href":"https:\/\/temizcevre.org\/index.php?rest_route=\/wp\/v2\/users\/1"}],"replies":[{"embeddable":true,"href":"https:\/\/temizcevre.org\/index.php?rest_route=%2Fwp%2Fv2%2Fcomments&post=18"}],"version-history":[{"count":1,"href":"https:\/\/temizcevre.org\/index.php?rest_route=\/wp\/v2\/pages\/18\/revisions"}],"predecessor-version":[{"id":19,"href":"https:\/\/temizcevre.org\/index.php?rest_route=\/wp\/v2\/pages\/18\/revisions\/19"}],"wp:attachment":[{"href":"https:\/\/temizcevre.org\/index.php?rest_route=%2Fwp%2Fv2%2Fmedia&parent=18"}],"curies":[{"name":"wp","href":"https:\/\/api.w.org\/{rel}","templated":true}]}}