{"id":36,"date":"2024-05-28T21:31:27","date_gmt":"2024-05-28T21:31:27","guid":{"rendered":"http:\/\/www.temizcevre.org\/?page_id=36"},"modified":"2024-05-29T15:08:52","modified_gmt":"2024-05-29T15:08:52","slug":"temiz-cevre-dernegi","status":"publish","type":"page","link":"https:\/\/temizcevre.org\/?page_id=36","title":{"rendered":"Temiz \u00c7evre Derne\u011fi"},"content":{"rendered":"\n<pre class=\"wp-block-code\"><code><a href=\"http:\/\/www.temizcevre.org\/?page_id=16\" data-type=\"page\" data-id=\"16\">Ama\u00e7<\/a>\n<a href=\"http:\/\/www.temizcevre.org\/?page_id=22\" data-type=\"page\" data-id=\"22\">\u00c7evre Kanunu<\/a>\n<a href=\"http:\/\/www.temizcevre.org\/?page_id=20\" data-type=\"page\" data-id=\"20\">Dernek T\u00fcz\u00fc\u011f\u00fc<\/a>\n<a href=\"http:\/\/www.temizcevre.org\/?page_id=18\" data-type=\"page\" data-id=\"18\">Tarih\u00e7e<\/a><\/code><\/pre>\n","protected":false},"excerpt":{"rendered":"","protected":false},"author":1,"featured_media":0,"parent":0,"menu_order":0,"comment_status":"closed","ping_status":"closed","template":"","meta":{"magazine_newspaper_sidebar_layout":"","footnotes":""},"class_list":["post-36","page","type-page","status-publish","hentry"],"_links":{"self":[{"href":"https:\/\/temizcevre.org\/index.php?rest_route=\/wp\/v2\/pages\/36","targetHints":{"allow":["GET"]}}],"collection":[{"href":"https:\/\/temizcevre.org\/index.php?rest_route=\/wp\/v2\/pages"}],"about":[{"href":"https:\/\/temizcevre.org\/index.php?rest_route=\/wp\/v2\/types\/page"}],"author":[{"embeddable":true,"href":"https:\/\/temizcevre.org\/index.php?rest_route=\/wp\/v2\/users\/1"}],"replies":[{"embeddable":true,"href":"https:\/\/temizcevre.org\/index.php?rest_route=%2Fwp%2Fv2%2Fcomments&post=36"}],"version-history":[{"count":3,"href":"https:\/\/temizcevre.org\/index.php?rest_route=\/wp\/v2\/pages\/36\/revisions"}],"predecessor-version":[{"id":299,"href":"https:\/\/temizcevre.org\/index.php?rest_route=\/wp\/v2\/pages\/36\/revisions\/299"}],"wp:attachment":[{"href":"https:\/\/temizcevre.org\/index.php?rest_route=%2Fwp%2Fv2%2Fmedia&parent=36"}],"curies":[{"name":"wp","href":"https:\/\/api.w.org\/{rel}","templated":true}]}}