{"id":56,"date":"2023-08-11T13:57:46","date_gmt":"2023-08-11T13:57:46","guid":{"rendered":"https:\/\/thebootstrapthemes.com\/demo\/restaurant_bootstrap\/wpforms-preview\/"},"modified":"2024-05-29T14:52:01","modified_gmt":"2024-05-29T14:52:01","slug":"wpforms-preview","status":"publish","type":"page","link":"https:\/\/temizcevre.org\/?page_id=56","title":{"rendered":"\u0130leti\u015fim"},"content":{"rendered":"\n<p><strong>Yaz\u0131\u015fma Adresimiz:<\/strong><\/p>\n\n\n\n<p>Bay\u0131nd\u0131r mh. 334 sk. Nilhabe\u015f Apt. N:10\/4 Muratpa\u015fa Antalya<\/p>\n\n\n\n<p>\u0130nfo@temizcevre.org<\/p>\n\n\n\n<hr class=\"wp-block-separator has-alpha-channel-opacity\"\/>\n\n\n\n<ul class=\"wp-block-social-links is-layout-flex wp-block-social-links-is-layout-flex\"><li class=\"wp-social-link wp-social-link-x  wp-block-social-link\"><a href=\"https:\/\/x.com\/temizcevre\" class=\"wp-block-social-link-anchor\"><svg width=\"24\" height=\"24\" viewBox=\"0 0 24 24\" version=\"1.1\" xmlns=\"http:\/\/www.w3.org\/2000\/svg\" aria-hidden=\"true\" focusable=\"false\"><path d=\"M13.982 10.622 20.54 3h-1.554l-5.693 6.618L8.745 3H3.5l6.876 10.007L3.5 21h1.554l6.012-6.989L15.868 21h5.245l-7.131-10.378Zm-2.128 2.474-.697-.997-5.543-7.93H8l4.474 6.4.697.996 5.815 8.318h-2.387l-4.745-6.787Z\" \/><\/svg><span class=\"wp-block-social-link-label screen-reader-text\">X<\/span><\/a><\/li><\/ul>\n\n\n<div class=\"aligncenter wp-block-site-logo\"><a href=\"https:\/\/temizcevre.org\/\" class=\"custom-logo-link\" rel=\"home\"><img loading=\"lazy\" decoding=\"async\" width=\"444\" height=\"99\" src=\"https:\/\/temizcevre.org\/wp-content\/uploads\/2024\/05\/cropped-Logo.png\" class=\"custom-logo\" alt=\"Temiz &Ccedil;evre Derne\u011fi\" srcset=\"https:\/\/temizcevre.org\/wp-content\/uploads\/2024\/05\/cropped-Logo.png 400w, https:\/\/temizcevre.org\/wp-content\/uploads\/2024\/05\/cropped-Logo-300x68.png 300w\" sizes=\"auto, (max-width: 444px) 100vw, 444px\" \/><\/a><\/div>","protected":false},"excerpt":{"rendered":"<p>Yaz\u0131\u015fma Adresimiz: Bay\u0131nd\u0131r mh. 334 sk. Nilhabe\u015f Apt. N:10\/4 Muratpa\u015fa Antalya \u0130nfo@temizcevre.org<\/p>\n","protected":false},"author":1,"featured_media":0,"parent":0,"menu_order":0,"comment_status":"closed","ping_status":"closed","template":"","meta":{"magazine_newspaper_sidebar_layout":"","footnotes":""},"class_list":["post-56","page","type-page","status-publish","hentry"],"_links":{"self":[{"href":"https:\/\/temizcevre.org\/index.php?rest_route=\/wp\/v2\/pages\/56","targetHints":{"allow":["GET"]}}],"collection":[{"href":"https:\/\/temizcevre.org\/index.php?rest_route=\/wp\/v2\/pages"}],"about":[{"href":"https:\/\/temizcevre.org\/index.php?rest_route=\/wp\/v2\/types\/page"}],"author":[{"embeddable":true,"href":"https:\/\/temizcevre.org\/index.php?rest_route=\/wp\/v2\/users\/1"}],"replies":[{"embeddable":true,"href":"https:\/\/temizcevre.org\/index.php?rest_route=%2Fwp%2Fv2%2Fcomments&post=56"}],"version-history":[{"count":7,"href":"https:\/\/temizcevre.org\/index.php?rest_route=\/wp\/v2\/pages\/56\/revisions"}],"predecessor-version":[{"id":296,"href":"https:\/\/temizcevre.org\/index.php?rest_route=\/wp\/v2\/pages\/56\/revisions\/296"}],"wp:attachment":[{"href":"https:\/\/temizcevre.org\/index.php?rest_route=%2Fwp%2Fv2%2Fmedia&parent=56"}],"curies":[{"name":"wp","href":"https:\/\/api.w.org\/{rel}","templated":true}]}}